{"id":10538,"date":"2019-11-19T00:55:31","date_gmt":"2019-11-18T22:55:31","guid":{"rendered":"https:\/\/www.datanovia.com\/en\/?page_id=10538"},"modified":"2019-11-19T01:25:22","modified_gmt":"2019-11-18T23:25:22","slug":"a-propos","status":"publish","type":"page","link":"https:\/\/www.datanovia.com\/en\/fr\/a-propos\/","title":{"rendered":"A Propos"},"content":{"rendered":"<div class='fullwidth-section  ' >\t<div class=\"container\"><h2 class='border-title aligncenter '>Exploration de Donn\u00e9es et Statistiques pour l'Aide \u00e0 la D\u00e9cision<span><\/span><\/h2>\n<p><strong>Une grande quantit\u00e9 de donn\u00e9es sont recueillies quotidiennement et de nombreuses entreprises utilisent les donn\u00e9es pour prendre de meilleures d\u00e9cisions. Chez Datanovia, nous facilitons l'apprentissage de la science des donn\u00e9es pour tous dans le monde entier.<\/strong><\/p>\n<div class='dt-sc-hr-invisible-medium  '><\/div>\n<div  class='column dt-sc-one-half  space  first'    ><div class='dt-sc-ico-content type2'><div class='custom-icon' ><a href='#' target='_blank'><span class='fa fa-check'><\/span><\/a><\/div><h4><a href='#' target='_blank'> <strong>Une gamme compl\u00e8te de services sur l'analyse de donn\u00e9es<\/strong> <\/a><\/h4><p>Nos services comprennent des cours en sciences des donn\u00e9es, ainsi que l'analyse et la visualisation des donn\u00e9es du d\u00e9but \u00e0 la fin. Nous \u00e9laborons des scripts pour collecter et traiter des donn\u00e9es brutes, analyser des donn\u00e9es \u00e0 l'aide de statistiques et de l'apprentissage machine, et produire des rapports et des articles scientifiques.<\/p><\/div><\/div>\n<div  class='column dt-sc-one-half  space  '    ><div class='dt-sc-ico-content type2'><div class='custom-icon' ><a href='#' target='_blank'><span class='fa fa-check'><\/span><\/a><\/div><h4><a href='#' target='_blank'> <strong>Expertise particuli\u00e8re en bioinformatique et biostatistique<\/strong> <\/a><\/h4><p>Nous comprenons les nuances des donn\u00e9es g\u00e9nomiques. Notre expertise comprend l'analyse de l'expression diff\u00e9rentielle, le traitement des donn\u00e9es des NGS, l'analyse et la visualisation de l'enrichissement des voies de signalisation, l'analyse de survie, la classification mol\u00e9culaire des patients pour la m\u00e9decine de pr\u00e9cision.<\/p><\/div><\/div>\n<div class='dt-sc-hr-invisible-medium  '><\/div>\n<h2 class='border-title  '>Histoire de Datanovia<span><\/span><\/h2>\n<p>Datanovia a \u00e9t\u00e9 cr\u00e9\u00e9 par\u00a0 <a href=\"http:\/\/www.alboukadel.com\/\" target=\"_blank\" rel=\"noopener noreferrer\">Alboukadel Kassambara<\/a>, docteur en bioinformatique et biologie du cancer. Il a plus de 10 ans d'exp\u00e9rience dans l'analyse et la visualisation de donn\u00e9es g\u00e9nomiques.<\/p>\n<p>Il poss\u00e8de une <strong>expertise sur les m\u00e9thodes statistiques et informatiques pour identifier les signatures pronostiques et pr\u00e9dictives de biomarqueurs<\/strong> par l'analyse int\u00e9grative de donn\u00e9es g\u00e9nomiques et cliniques \u00e0 grande \u00e9chelle.<\/p>\n<p>Alboukadel Kassambara <strong>a cr\u00e9\u00e9 un outil Web de bioinformatique<\/strong> nomm\u00e9 GenomicScape (www.genomicscape.com) qui est un outil Web facile \u00e0 utiliser pour l'analyse et la visualisation des donn\u00e9es d'expression g\u00e9n\u00e9tique.<\/p>\n<p>Avant de cr\u00e9er Datanovia, il a d\u00e9velopp\u00e9 le site Web de formation en sciences des donn\u00e9es, appel\u00e9 <a href=\"http:\/\/www.sthda.com\/english\" target=\"_blank\" rel=\"noopener noreferrer\">STHDA (Statistical Tools for High-throughput Data Analysis)<\/a>, qui contient de nombreux tutoriels sur l'analyse et la visualisation des donn\u00e9es \u00e0 l'aide du logiciel R.<\/p>\n<p>Alboukadel Kassambara est <a href=\"https:\/\/rpkgs.datanovia.com\" target=\"_blank\" rel=\"noopener noreferrer\"><strong>est l'auteur de nombreux packages R populaires<\/strong><\/a> pour:<\/p>\n<ul>\n<li>analyse de donn\u00e9es multivari\u00e9es (<a href=\"https:\/\/rpkgs.datanovia.com\/factoextra\" target=\"_blank\" rel=\"noopener noreferrer\">factoextra<\/a>),<\/li>\n<li>analyse de survie (<a href=\"https:\/\/rpkgs.datanovia.com\/factoextra\" target=\"_blank\" rel=\"noopener noreferrer\">survminer<\/a>),<\/li>\n<li>\u00a0analyse de corr\u00e9lation (<a href=\"https:\/\/github.com\/kassambara\/ggcorrplot\" target=\"_blank\" rel=\"noopener noreferrer\">ggcorrplot<\/a>),<\/li>\n<li>cr\u00e9ation de graphiques dans R pr\u00eats \u00e0 la publication (<a href=\"https:\/\/rpkgs.datanovia.com\/factoextra\" target=\"_blank\" rel=\"noopener noreferrer\">ggpubr<\/a>).<\/li>\n<\/ul>\n<p>R\u00e9cemment, il a publi\u00e9 plusieurs <a href=\"https:\/\/www.datanovia.com\/en\/shop\/\" target=\"_blank\" rel=\"noopener noreferrer\">ouvrages sur l'analyse et la visualisation de donn\u00e9es<\/a><\/p>\n<p>Alboukadel Kassambara est\u00a0<a href=\"https:\/\/www.researchgate.net\/profile\/Alboukadel_Kassambara2\/publications\" target=\"_blank\" rel=\"noopener noreferrer\"><strong>l'auteur ou le coauteur de plus de 20 articles scientifiques<\/strong><\/a>\u00a0\u00e9valu\u00e9s par des pairs et a servi comme critique scientifique pour des revues scientifiques internationales. Il a donn\u00e9 des cours sur les logiciels statistiques R \u00e0 plusieurs centaines d'\u00e9tudiants de diff\u00e9rents pays.<\/p>\t<\/div><\/div>\n","protected":false},"excerpt":{"rendered":"","protected":false},"author":1,"featured_media":0,"parent":0,"menu_order":0,"comment_status":"open","ping_status":"open","template":"tpl-fullwidth.php","meta":{"rating_form_position":"","rating_results_position":"","mr_structured_data_type":"","footnotes":""},"class_list":["post-10538","page","type-page","status-publish","hentry"],"yoast_head":"<!-- This site is optimized with the Yoast SEO plugin v25.2 - https:\/\/yoast.com\/wordpress\/plugins\/seo\/ -->\n<title>A Propos - Datanovia<\/title>\n<meta name=\"robots\" content=\"index, follow, max-snippet:-1, max-image-preview:large, max-video-preview:-1\" \/>\n<link rel=\"canonical\" href=\"https:\/\/www.datanovia.com\/en\/fr\/a-propos\/\" \/>\n<meta property=\"og:locale\" content=\"fr_FR\" \/>\n<meta property=\"og:type\" content=\"article\" \/>\n<meta property=\"og:title\" content=\"A Propos - Datanovia\" \/>\n<meta property=\"og:url\" content=\"https:\/\/www.datanovia.com\/en\/fr\/a-propos\/\" \/>\n<meta property=\"og:site_name\" content=\"Datanovia\" \/>\n<meta property=\"article:modified_time\" content=\"2019-11-18T23:25:22+00:00\" \/>\n<meta name=\"twitter:card\" content=\"summary_large_image\" \/>\n<meta name=\"twitter:label1\" content=\"Dur\u00e9e de lecture estim\u00e9e\" \/>\n\t<meta name=\"twitter:data1\" content=\"3 minutes\" \/>\n<script type=\"application\/ld+json\" class=\"yoast-schema-graph\">{\"@context\":\"https:\/\/schema.org\",\"@graph\":[{\"@type\":\"WebPage\",\"@id\":\"https:\/\/www.datanovia.com\/en\/fr\/a-propos\/\",\"url\":\"https:\/\/www.datanovia.com\/en\/fr\/a-propos\/\",\"name\":\"A Propos - Datanovia\",\"isPartOf\":{\"@id\":\"https:\/\/www.datanovia.com\/en\/fr\/#website\"},\"datePublished\":\"2019-11-18T22:55:31+00:00\",\"dateModified\":\"2019-11-18T23:25:22+00:00\",\"breadcrumb\":{\"@id\":\"https:\/\/www.datanovia.com\/en\/fr\/a-propos\/#breadcrumb\"},\"inLanguage\":\"fr-FR\",\"potentialAction\":[{\"@type\":\"ReadAction\",\"target\":[\"https:\/\/www.datanovia.com\/en\/fr\/a-propos\/\"]}]},{\"@type\":\"BreadcrumbList\",\"@id\":\"https:\/\/www.datanovia.com\/en\/fr\/a-propos\/#breadcrumb\",\"itemListElement\":[{\"@type\":\"ListItem\",\"position\":1,\"name\":\"Home\",\"item\":\"https:\/\/www.datanovia.com\/en\/fr\/\"},{\"@type\":\"ListItem\",\"position\":2,\"name\":\"A Propos\"}]},{\"@type\":\"WebSite\",\"@id\":\"https:\/\/www.datanovia.com\/en\/fr\/#website\",\"url\":\"https:\/\/www.datanovia.com\/en\/fr\/\",\"name\":\"Datanovia\",\"description\":\"Exploration de Donn\u00e9es et Statistiques pour l'Aide \u00e0 la D\u00e9cision\",\"publisher\":{\"@id\":\"https:\/\/www.datanovia.com\/en\/fr\/#organization\"},\"potentialAction\":[{\"@type\":\"SearchAction\",\"target\":{\"@type\":\"EntryPoint\",\"urlTemplate\":\"https:\/\/www.datanovia.com\/en\/fr\/?s={search_term_string}\"},\"query-input\":{\"@type\":\"PropertyValueSpecification\",\"valueRequired\":true,\"valueName\":\"search_term_string\"}}],\"inLanguage\":\"fr-FR\"},{\"@type\":\"Organization\",\"@id\":\"https:\/\/www.datanovia.com\/en\/fr\/#organization\",\"name\":\"Datanovia\",\"url\":\"https:\/\/www.datanovia.com\/en\/fr\/\",\"logo\":{\"@type\":\"ImageObject\",\"inLanguage\":\"fr-FR\",\"@id\":\"https:\/\/www.datanovia.com\/en\/fr\/#\/schema\/logo\/image\/\",\"url\":\"https:\/\/www.datanovia.com\/en\/wp-content\/uploads\/2018\/09\/datanovia-logo.png\",\"contentUrl\":\"https:\/\/www.datanovia.com\/en\/wp-content\/uploads\/2018\/09\/datanovia-logo.png\",\"width\":98,\"height\":99,\"caption\":\"Datanovia\"},\"image\":{\"@id\":\"https:\/\/www.datanovia.com\/en\/fr\/#\/schema\/logo\/image\/\"}}]}<\/script>\n<!-- \/ Yoast SEO plugin. -->","yoast_head_json":{"title":"A Propos - Datanovia","robots":{"index":"index","follow":"follow","max-snippet":"max-snippet:-1","max-image-preview":"max-image-preview:large","max-video-preview":"max-video-preview:-1"},"canonical":"https:\/\/www.datanovia.com\/en\/fr\/a-propos\/","og_locale":"fr_FR","og_type":"article","og_title":"A Propos - Datanovia","og_url":"https:\/\/www.datanovia.com\/en\/fr\/a-propos\/","og_site_name":"Datanovia","article_modified_time":"2019-11-18T23:25:22+00:00","twitter_card":"summary_large_image","twitter_misc":{"Dur\u00e9e de lecture estim\u00e9e":"3 minutes"},"schema":{"@context":"https:\/\/schema.org","@graph":[{"@type":"WebPage","@id":"https:\/\/www.datanovia.com\/en\/fr\/a-propos\/","url":"https:\/\/www.datanovia.com\/en\/fr\/a-propos\/","name":"A Propos - Datanovia","isPartOf":{"@id":"https:\/\/www.datanovia.com\/en\/fr\/#website"},"datePublished":"2019-11-18T22:55:31+00:00","dateModified":"2019-11-18T23:25:22+00:00","breadcrumb":{"@id":"https:\/\/www.datanovia.com\/en\/fr\/a-propos\/#breadcrumb"},"inLanguage":"fr-FR","potentialAction":[{"@type":"ReadAction","target":["https:\/\/www.datanovia.com\/en\/fr\/a-propos\/"]}]},{"@type":"BreadcrumbList","@id":"https:\/\/www.datanovia.com\/en\/fr\/a-propos\/#breadcrumb","itemListElement":[{"@type":"ListItem","position":1,"name":"Home","item":"https:\/\/www.datanovia.com\/en\/fr\/"},{"@type":"ListItem","position":2,"name":"A Propos"}]},{"@type":"WebSite","@id":"https:\/\/www.datanovia.com\/en\/fr\/#website","url":"https:\/\/www.datanovia.com\/en\/fr\/","name":"Datanovia","description":"Exploration de Donn\u00e9es et Statistiques pour l'Aide \u00e0 la D\u00e9cision","publisher":{"@id":"https:\/\/www.datanovia.com\/en\/fr\/#organization"},"potentialAction":[{"@type":"SearchAction","target":{"@type":"EntryPoint","urlTemplate":"https:\/\/www.datanovia.com\/en\/fr\/?s={search_term_string}"},"query-input":{"@type":"PropertyValueSpecification","valueRequired":true,"valueName":"search_term_string"}}],"inLanguage":"fr-FR"},{"@type":"Organization","@id":"https:\/\/www.datanovia.com\/en\/fr\/#organization","name":"Datanovia","url":"https:\/\/www.datanovia.com\/en\/fr\/","logo":{"@type":"ImageObject","inLanguage":"fr-FR","@id":"https:\/\/www.datanovia.com\/en\/fr\/#\/schema\/logo\/image\/","url":"https:\/\/www.datanovia.com\/en\/wp-content\/uploads\/2018\/09\/datanovia-logo.png","contentUrl":"https:\/\/www.datanovia.com\/en\/wp-content\/uploads\/2018\/09\/datanovia-logo.png","width":98,"height":99,"caption":"Datanovia"},"image":{"@id":"https:\/\/www.datanovia.com\/en\/fr\/#\/schema\/logo\/image\/"}}]}},"multi-rating":{"mr_rating_results":[]},"_links":{"self":[{"href":"https:\/\/www.datanovia.com\/en\/fr\/wp-json\/wp\/v2\/pages\/10538","targetHints":{"allow":["GET"]}}],"collection":[{"href":"https:\/\/www.datanovia.com\/en\/fr\/wp-json\/wp\/v2\/pages"}],"about":[{"href":"https:\/\/www.datanovia.com\/en\/fr\/wp-json\/wp\/v2\/types\/page"}],"author":[{"embeddable":true,"href":"https:\/\/www.datanovia.com\/en\/fr\/wp-json\/wp\/v2\/users\/1"}],"replies":[{"embeddable":true,"href":"https:\/\/www.datanovia.com\/en\/fr\/wp-json\/wp\/v2\/comments?post=10538"}],"version-history":[{"count":8,"href":"https:\/\/www.datanovia.com\/en\/fr\/wp-json\/wp\/v2\/pages\/10538\/revisions"}],"predecessor-version":[{"id":10548,"href":"https:\/\/www.datanovia.com\/en\/fr\/wp-json\/wp\/v2\/pages\/10538\/revisions\/10548"}],"wp:attachment":[{"href":"https:\/\/www.datanovia.com\/en\/fr\/wp-json\/wp\/v2\/media?parent=10538"}],"curies":[{"name":"wp","href":"https:\/\/api.w.org\/{rel}","templated":true}]}}