{"id":10579,"date":"2019-11-19T02:17:30","date_gmt":"2019-11-19T00:17:30","guid":{"rendered":"https:\/\/www.datanovia.com\/en\/?page_id=10579"},"modified":"2019-11-19T02:17:31","modified_gmt":"2019-11-19T00:17:31","slug":"mes-cours","status":"publish","type":"page","link":"https:\/\/www.datanovia.com\/en\/fr\/mes-cours\/","title":{"rendered":"Mes Cours"},"content":{"rendered":"<p>[usercourses]<\/p>\n","protected":false},"excerpt":{"rendered":"<p>[usercourses]<\/p>\n","protected":false},"author":1,"featured_media":0,"parent":0,"menu_order":0,"comment_status":"closed","ping_status":"open","template":"","meta":{"rating_form_position":"","rating_results_position":"","mr_structured_data_type":"","footnotes":""},"class_list":["post-10579","page","type-page","status-publish","hentry"],"yoast_head":"<!-- This site is optimized with the Yoast SEO plugin v25.2 - https:\/\/yoast.com\/wordpress\/plugins\/seo\/ -->\n<title>Mes Cours - Datanovia<\/title>\n<meta name=\"robots\" content=\"index, follow, max-snippet:-1, max-image-preview:large, max-video-preview:-1\" \/>\n<link rel=\"canonical\" href=\"https:\/\/www.datanovia.com\/en\/fr\/mes-cours\/\" \/>\n<meta property=\"og:locale\" content=\"fr_FR\" \/>\n<meta property=\"og:type\" content=\"article\" \/>\n<meta property=\"og:title\" content=\"Mes Cours - Datanovia\" \/>\n<meta property=\"og:description\" content=\"[usercourses]\" \/>\n<meta property=\"og:url\" content=\"https:\/\/www.datanovia.com\/en\/fr\/mes-cours\/\" \/>\n<meta property=\"og:site_name\" content=\"Datanovia\" \/>\n<meta property=\"article:modified_time\" content=\"2019-11-19T00:17:31+00:00\" \/>\n<meta name=\"twitter:card\" content=\"summary_large_image\" \/>\n<script type=\"application\/ld+json\" class=\"yoast-schema-graph\">{\"@context\":\"https:\/\/schema.org\",\"@graph\":[{\"@type\":\"WebPage\",\"@id\":\"https:\/\/www.datanovia.com\/en\/fr\/mes-cours\/\",\"url\":\"https:\/\/www.datanovia.com\/en\/fr\/mes-cours\/\",\"name\":\"Mes Cours - Datanovia\",\"isPartOf\":{\"@id\":\"https:\/\/www.datanovia.com\/en\/fr\/#website\"},\"datePublished\":\"2019-11-19T00:17:30+00:00\",\"dateModified\":\"2019-11-19T00:17:31+00:00\",\"breadcrumb\":{\"@id\":\"https:\/\/www.datanovia.com\/en\/fr\/mes-cours\/#breadcrumb\"},\"inLanguage\":\"fr-FR\",\"potentialAction\":[{\"@type\":\"ReadAction\",\"target\":[\"https:\/\/www.datanovia.com\/en\/fr\/mes-cours\/\"]}]},{\"@type\":\"BreadcrumbList\",\"@id\":\"https:\/\/www.datanovia.com\/en\/fr\/mes-cours\/#breadcrumb\",\"itemListElement\":[{\"@type\":\"ListItem\",\"position\":1,\"name\":\"Home\",\"item\":\"https:\/\/www.datanovia.com\/en\/fr\/\"},{\"@type\":\"ListItem\",\"position\":2,\"name\":\"Mes Cours\"}]},{\"@type\":\"WebSite\",\"@id\":\"https:\/\/www.datanovia.com\/en\/fr\/#website\",\"url\":\"https:\/\/www.datanovia.com\/en\/fr\/\",\"name\":\"Datanovia\",\"description\":\"Exploration de Donn\u00e9es et Statistiques pour l'Aide \u00e0 la D\u00e9cision\",\"publisher\":{\"@id\":\"https:\/\/www.datanovia.com\/en\/fr\/#organization\"},\"potentialAction\":[{\"@type\":\"SearchAction\",\"target\":{\"@type\":\"EntryPoint\",\"urlTemplate\":\"https:\/\/www.datanovia.com\/en\/fr\/?s={search_term_string}\"},\"query-input\":{\"@type\":\"PropertyValueSpecification\",\"valueRequired\":true,\"valueName\":\"search_term_string\"}}],\"inLanguage\":\"fr-FR\"},{\"@type\":\"Organization\",\"@id\":\"https:\/\/www.datanovia.com\/en\/fr\/#organization\",\"name\":\"Datanovia\",\"url\":\"https:\/\/www.datanovia.com\/en\/fr\/\",\"logo\":{\"@type\":\"ImageObject\",\"inLanguage\":\"fr-FR\",\"@id\":\"https:\/\/www.datanovia.com\/en\/fr\/#\/schema\/logo\/image\/\",\"url\":\"https:\/\/www.datanovia.com\/en\/wp-content\/uploads\/2018\/09\/datanovia-logo.png\",\"contentUrl\":\"https:\/\/www.datanovia.com\/en\/wp-content\/uploads\/2018\/09\/datanovia-logo.png\",\"width\":98,\"height\":99,\"caption\":\"Datanovia\"},\"image\":{\"@id\":\"https:\/\/www.datanovia.com\/en\/fr\/#\/schema\/logo\/image\/\"}}]}<\/script>\n<!-- \/ Yoast SEO plugin. -->","yoast_head_json":{"title":"Mes Cours - Datanovia","robots":{"index":"index","follow":"follow","max-snippet":"max-snippet:-1","max-image-preview":"max-image-preview:large","max-video-preview":"max-video-preview:-1"},"canonical":"https:\/\/www.datanovia.com\/en\/fr\/mes-cours\/","og_locale":"fr_FR","og_type":"article","og_title":"Mes Cours - Datanovia","og_description":"[usercourses]","og_url":"https:\/\/www.datanovia.com\/en\/fr\/mes-cours\/","og_site_name":"Datanovia","article_modified_time":"2019-11-19T00:17:31+00:00","twitter_card":"summary_large_image","schema":{"@context":"https:\/\/schema.org","@graph":[{"@type":"WebPage","@id":"https:\/\/www.datanovia.com\/en\/fr\/mes-cours\/","url":"https:\/\/www.datanovia.com\/en\/fr\/mes-cours\/","name":"Mes Cours - Datanovia","isPartOf":{"@id":"https:\/\/www.datanovia.com\/en\/fr\/#website"},"datePublished":"2019-11-19T00:17:30+00:00","dateModified":"2019-11-19T00:17:31+00:00","breadcrumb":{"@id":"https:\/\/www.datanovia.com\/en\/fr\/mes-cours\/#breadcrumb"},"inLanguage":"fr-FR","potentialAction":[{"@type":"ReadAction","target":["https:\/\/www.datanovia.com\/en\/fr\/mes-cours\/"]}]},{"@type":"BreadcrumbList","@id":"https:\/\/www.datanovia.com\/en\/fr\/mes-cours\/#breadcrumb","itemListElement":[{"@type":"ListItem","position":1,"name":"Home","item":"https:\/\/www.datanovia.com\/en\/fr\/"},{"@type":"ListItem","position":2,"name":"Mes Cours"}]},{"@type":"WebSite","@id":"https:\/\/www.datanovia.com\/en\/fr\/#website","url":"https:\/\/www.datanovia.com\/en\/fr\/","name":"Datanovia","description":"Exploration de Donn\u00e9es et Statistiques pour l'Aide \u00e0 la D\u00e9cision","publisher":{"@id":"https:\/\/www.datanovia.com\/en\/fr\/#organization"},"potentialAction":[{"@type":"SearchAction","target":{"@type":"EntryPoint","urlTemplate":"https:\/\/www.datanovia.com\/en\/fr\/?s={search_term_string}"},"query-input":{"@type":"PropertyValueSpecification","valueRequired":true,"valueName":"search_term_string"}}],"inLanguage":"fr-FR"},{"@type":"Organization","@id":"https:\/\/www.datanovia.com\/en\/fr\/#organization","name":"Datanovia","url":"https:\/\/www.datanovia.com\/en\/fr\/","logo":{"@type":"ImageObject","inLanguage":"fr-FR","@id":"https:\/\/www.datanovia.com\/en\/fr\/#\/schema\/logo\/image\/","url":"https:\/\/www.datanovia.com\/en\/wp-content\/uploads\/2018\/09\/datanovia-logo.png","contentUrl":"https:\/\/www.datanovia.com\/en\/wp-content\/uploads\/2018\/09\/datanovia-logo.png","width":98,"height":99,"caption":"Datanovia"},"image":{"@id":"https:\/\/www.datanovia.com\/en\/fr\/#\/schema\/logo\/image\/"}}]}},"multi-rating":{"mr_rating_results":[]},"_links":{"self":[{"href":"https:\/\/www.datanovia.com\/en\/fr\/wp-json\/wp\/v2\/pages\/10579","targetHints":{"allow":["GET"]}}],"collection":[{"href":"https:\/\/www.datanovia.com\/en\/fr\/wp-json\/wp\/v2\/pages"}],"about":[{"href":"https:\/\/www.datanovia.com\/en\/fr\/wp-json\/wp\/v2\/types\/page"}],"author":[{"embeddable":true,"href":"https:\/\/www.datanovia.com\/en\/fr\/wp-json\/wp\/v2\/users\/1"}],"replies":[{"embeddable":true,"href":"https:\/\/www.datanovia.com\/en\/fr\/wp-json\/wp\/v2\/comments?post=10579"}],"version-history":[{"count":1,"href":"https:\/\/www.datanovia.com\/en\/fr\/wp-json\/wp\/v2\/pages\/10579\/revisions"}],"predecessor-version":[{"id":10580,"href":"https:\/\/www.datanovia.com\/en\/fr\/wp-json\/wp\/v2\/pages\/10579\/revisions\/10580"}],"wp:attachment":[{"href":"https:\/\/www.datanovia.com\/en\/fr\/wp-json\/wp\/v2\/media?parent=10579"}],"curies":[{"name":"wp","href":"https:\/\/api.w.org\/{rel}","templated":true}]}}