{"id":10613,"date":"2019-11-19T22:34:39","date_gmt":"2019-11-19T20:34:39","guid":{"rendered":"https:\/\/www.datanovia.com\/en\/?page_id=10613"},"modified":"2019-11-19T22:34:41","modified_gmt":"2019-11-19T20:34:41","slug":"conditions-dutilisation","status":"publish","type":"page","link":"https:\/\/www.datanovia.com\/en\/fr\/conditions-dutilisation\/","title":{"rendered":"Conditions d&rsquo;Utilisation"},"content":{"rendered":"<p class=\"mti_font_element\"><strong>PAR L'UTILISATION DE DATANOVIA.COM, VOUS CONSENTEZ \u00c0 NOS CONDITIONS D'UTILISATION COMME SUIVANTES.<\/strong><\/p>\n<p>.<br \/>\n<a href=\"https:\/\/www.datanovia.com\/en\/fr\/politique-de-confidentialite\/\" target=\"_blank\" rel=\"noopener noreferrer\">Pour consulter notre politique de confidentialit\u00e9, veuillez cliquer ici.<br \/>\n<\/a><\/p>\n<h2 class=\"mti_font_element\">Terminologie<\/h2>\n<p>Vue d'ensemble<br \/>\nLes termes \"nous\", \"notre\" et \"notre\" font r\u00e9f\u00e9rence \u00e0 Datanovia. Le terme \"Site\" d\u00e9signe datanovia.com. Les termes \"utilisateur\", \"vous\" et \"votre\" d\u00e9signent les visiteurs du site, les clients, les membres et tout autre utilisateur du site.<\/p>\n<h2 class=\"mti_font_element\">Service<\/h2>\n<p>Datanovia est un site d'adh\u00e9sion pour la formation en ligne, les cours, les ressources et autres contenus relatifs \u00e0 la science des donn\u00e9es (le \"Service\").<\/p>\n<p>L'utilisation de datanovia.com, y compris tout le mat\u00e9riel pr\u00e9sent\u00e9 ici et tous les services en ligne fournis par Datanovia, est soumise aux conditions g\u00e9n\u00e9rales suivantes. Les pr\u00e9sentes conditions g\u00e9n\u00e9rales s'appliquent \u00e0 tous les visiteurs du site, aux clients et \u00e0 tous les autres utilisateurs du site. En utilisant le Site ou le Service, vous acceptez les pr\u00e9sentes Conditions G\u00e9n\u00e9rales, sans modification, et reconnaissez en avoir pris connaissance.<\/p>\n<p>Les parties conviennent que le Service est de nature \u00e9ducative. L'\u00e9tendue des services fournis par Datanovia conform\u00e9ment au pr\u00e9sent Contrat est limit\u00e9e \u00e0 ceux \u00e9num\u00e9r\u00e9s sur le site web datanovia.com. Datanovia se r\u00e9serve le droit de substituer des services \u00e9gaux ou comparables aux services \u00e9num\u00e9r\u00e9s si le besoin s'en fait sentir, sans pr\u00e9avis.<\/p>\n<h2 class=\"mti_font_element\">Utilisation du service et du site<\/h2>\n<p>Pour acc\u00e9der ou utiliser le Site, vous devez \u00eatre \u00e2g\u00e9 de 18 ans ou plus et avoir le pouvoir et l'autorit\u00e9 n\u00e9cessaires pour conclure les pr\u00e9sentes Conditions g\u00e9n\u00e9rales. Il est interdit aux enfants de moins de 18 ans d'utiliser le Site. Les informations fournies sur le Site et dans le Service relatives aux sites d'adh\u00e9sion et autres informations sont susceptibles d'\u00eatre modifi\u00e9es. Datanovia ne fait aucune d\u00e9claration et ne donne aucune garantie quant \u00e0 l'exactitude, l'exhaustivit\u00e9, la fiabilit\u00e9, l'actualit\u00e9 ou l'absence d'erreurs des informations fournies, quelle que soit leur source (le \"Contenu\"). Datanovia d\u00e9cline toute responsabilit\u00e9 en cas d'inexactitude, d'erreur ou d'inach\u00e8vement du contenu.<\/p>\n<h2 class=\"mti_font_element\">Cr\u00e9ation de compte<\/h2>\n<p>Afin d'utiliser le Service, vous devrez fournir des informations vous concernant, y compris votre nom, votre adresse \u00e9lectronique, votre nom d'utilisateur et votre mot de passe, et d'autres informations personnelles. Vous acceptez que toute information d'inscription que vous donnez \u00e0 Datanovia sera toujours exacte, correcte et \u00e0 jour. Vous ne devez pas usurper l'identit\u00e9 de quelqu'un d'autre ou fournir des renseignements sur votre compte ou une adresse \u00e9lectronique autre que la v\u00f4tre. Votre compte ne doit pas \u00eatre utilis\u00e9 \u00e0 des fins ill\u00e9gales ou non autoris\u00e9es. Vous ne devez, dans l'utilisation du Service, violer aucune loi dans votre juridiction.<\/p>\n<h2 class=\"mti_font_element\">Aux fins l\u00e9gales<\/h2>\n<p>Vous ne pouvez utiliser le Site et le Service qu'\u00e0 des fins l\u00e9gitimes. Vous acceptez d'\u00eatre financi\u00e8rement responsable de tous les achats effectu\u00e9s par vous ou par une personne agissant en votre nom par le biais du Site. Vous acceptez d'utiliser le Site et d'acheter des services ou des produits par l'interm\u00e9diaire du Site \u00e0 des fins l\u00e9gitimes et non commerciales uniquement. Vous ne devez pas afficher ou transmettre par l'interm\u00e9diaire du Site du mat\u00e9riel qui viole ou enfreint les droits d'autrui, ou qui est mena\u00e7ant, abusif, diffamatoire, calomnieux, portant atteinte \u00e0 la vie priv\u00e9e ou aux droits publicitaires, vulgaire, obsc\u00e8ne, profane ou autrement r\u00e9pr\u00e9hensible, contient des formules, recettes ou instructions injurieuses, qui encourage une conduite pouvant constituer une infraction criminelle, entra\u00eener une responsabilit\u00e9 civile ou enfreindre toute autre loi.<\/p>\n<h2 class=\"mti_font_element\">Refus de service<\/h2>\n<p>Les Services sont offerts sous r\u00e9serve de notre acceptation de votre commande ou de vos demandes. Nous nous r\u00e9servons le droit de refuser le service \u00e0 toute commande, personne ou entit\u00e9, sans obligation d'en indiquer la raison. Aucune commande n'est consid\u00e9r\u00e9e comme accept\u00e9e par nous tant que le paiement n'a pas \u00e9t\u00e9 effectu\u00e9. Nous pouvons \u00e0 tout moment modifier ou interrompre tout aspect ou caract\u00e9ristique du Site ou du Service, sous r\u00e9serve que nous nous acquittions de nos responsabilit\u00e9s ant\u00e9rieures envers vous en fonction de l'acceptation de votre paiement.<\/p>\n<h2 class=\"mti_font_element\">Confirmation de commande<\/h2>\n<p>Nous vous enverrons un courriel pour confirmer le placement de votre commande et avec les d\u00e9tails concernant la livraison du produit et les paiements en cours. Dans l'\u00e9ventualit\u00e9 o\u00f9 il y aurait une erreur dans ce courriel de confirmation, il est de votre responsabilit\u00e9 de nous en informer d\u00e8s que possible.<\/p>\n<h2 class=\"mti_font_element\">Dur\u00e9e de l'accord<\/h2>\n<p>Une fois confirm\u00e9, nous vous donnerons acc\u00e8s au Service achet\u00e9. Vous acceptez et comprenez que l'acc\u00e8s au Service peut parfois \u00eatre influenc\u00e9 et affect\u00e9 par des tiers que nous utilisons pour fournir le Service (h\u00e9bergement web, plugins d'abonnement, etc.). Vous acceptez et comprenez qu'aucune action en rupture de contrat ne peut \u00eatre intent\u00e9e contre Datanovia lorsqu'il y a des d\u00e9lais raisonnables dans l'acc\u00e8s au Service.<\/p>\n<p>Datanovia se r\u00e9serve le droit de r\u00e9silier le Service, et\/ou l'acc\u00e8s \u00e0 certaines fonctionnalit\u00e9s du Service, avec ou sans pr\u00e9avis. Nous ferons des efforts raisonnables pour donner un pr\u00e9avis, mais nous ne sommes pas tenus de le faire en vertu des modalit\u00e9s de la pr\u00e9sente entente.<\/p>\n<p>L'acc\u00e8s \u00e0 vie est valable pour toute la dur\u00e9e de vie du Service. Si, pour quelque raison que ce soit, Datanovia devait se dissoudre ou cesser d'exister, votre acc\u00e8s au Service prend fin.<\/p>\n<h2 class=\"mti_font_element\">Description du produit<\/h2>\n<p>Nous nous effor\u00e7ons de d\u00e9crire et d'afficher le Service aussi pr\u00e9cis\u00e9ment que possible. Bien que nous nous efforcions d'expliquer le Service aussi clairement que possible, veuillez ne pas accepter que le Site soit enti\u00e8rement exact, \u00e0 jour ou sans erreur. De temps \u00e0 autre, nous pouvons corriger des erreurs dans les prix et les descriptions. Nous nous r\u00e9servons le droit de refuser ou d'annuler toute commande dont les prix sont erron\u00e9s.<\/p>\n<h2 class=\"mti_font_element\">Mat\u00e9riel que vous soumettez sur le site<\/h2>\n<p>Vous ne devez pas t\u00e9l\u00e9charger, afficher ou rendre disponible sur le Site des \u0153uvres d'art, des photos ou d'autres documents (collectivement \" Documents \") prot\u00e9g\u00e9s par un droit d'auteur, une marque de commerce ou tout autre droit de propri\u00e9t\u00e9 sans la permission \u00e9crite expresse du propri\u00e9taire du droit d'auteur, de la marque de commerce ou de tout autre droit de propri\u00e9t\u00e9, et il vous incombe enti\u00e8rement de d\u00e9terminer si des documents ne sont pas ainsi prot\u00e9g\u00e9s. Vous serez responsable de tout dommage r\u00e9sultant d'une violation des droits d'auteur, marques de commerce ou autres droits de propri\u00e9t\u00e9, ou de tout autre dommage r\u00e9sultant d'une telle soumission. Pour tous les documents que vous soumettez au site, vous d\u00e9clarez ou garantissez automatiquement que vous avez l'autorit\u00e9 d'utiliser et de distribuer les documents, et que l'utilisation ou l'affichage des documents ne violera aucune loi, r\u00e8gle, r\u00e8glement ou droit de tiers.<\/p>\n<p>&amp;nbsp ;<\/p>\n<h2 class=\"mti_font_element\">Droits de propri\u00e9t\u00e9 intellectuelle sur vos documents<\/h2>\n<p>Nous ne revendiquons aucun droit de propri\u00e9t\u00e9 intellectuelle sur le mat\u00e9riel que vous fournissez \u00e0 Datanovia. Vous conservez les droits d'auteur et tout autre droit que vous pouvez l\u00e9gitimement d\u00e9tenir sur tout contenu que vous soumettez par le biais du Site ou du Service. Le contenu que vous soumettez \u00e0 Datanovia demeure votre propri\u00e9t\u00e9 dans la mesure o\u00f9 vous avez des r\u00e9clamations l\u00e9gales \u00e0 cet \u00e9gard. Vous acceptez de d\u00e9gager Datanovia de toute responsabilit\u00e9 \u00e0 l'\u00e9gard de toute r\u00e9clamation, responsabilit\u00e9 et d\u00e9pense d\u00e9coulant de tout d\u00e9tournement ou de toute contrefa\u00e7on de droit d'auteur ou de marque de commerce, potentiel ou r\u00e9el, revendiqu\u00e9 contre vous. En publiant du mat\u00e9riel sur le Site, vous nous accordez une licence mondiale, non exclusive et irr\u00e9vocable d'utilisation du mat\u00e9riel \u00e0 des fins promotionnelles, de d\u00e9veloppement commercial et de marketing.<\/p>\n<p>Vous consentez \u00e0 ce que des enregistrements d'appels ou de webinaires soient effectu\u00e9s dans le cadre du Service. Vous consentez \u00e0 ce que votre nom, vos mots, votre voix et votre like soient utilis\u00e9s par Datanovia \u00e0 des fins promotionnelles, de d\u00e9veloppement commercial et de marketing, sans compensation pour vous.\u00a0 Nous ferons des efforts raisonnables pour obtenir votre permission \u00e9crite avant d'utiliser et de distribuer des enregistrements, des documents imprim\u00e9s, des repr\u00e9sentations audio ou visuelles qui vous concernent.<\/p>\n<h2 class=\"mti_font_element\">Notre propri\u00e9t\u00e9 intellectuelle<\/h2>\n<p>Le Site et le Service contiennent la propri\u00e9t\u00e9 intellectuelle appartenant \u00e0 Datanovia, y compris les marques de commerce, les droits d'auteur, les renseignements exclusifs et autres droits de propri\u00e9t\u00e9 intellectuelle. Les documents originaux et prot\u00e9g\u00e9s par le droit d'auteur de Datanovia vous sont fournis dans le cadre du Service pour votre usage individuel uniquement et sous licence mono-utilisateur. Toute la propri\u00e9t\u00e9 intellectuelle, y compris le mat\u00e9riel prot\u00e9g\u00e9 par le droit d'auteur de Datanovia, demeure la propri\u00e9t\u00e9 exclusive de Datanovia. Aucune licence de vente ou de distribution de notre mat\u00e9riel n'est accord\u00e9e ou implicite.<\/p>\n<p>Vous ne pouvez pas modifier, publier, transmettre, participer au transfert ou \u00e0 la vente, cr\u00e9er des \u0153uvres d\u00e9riv\u00e9es, distribuer, afficher, reproduire ou ex\u00e9cuter, ou exploiter de quelque fa\u00e7on que ce soit, sous quelque forme que ce soit, le Site ou le Contenu du Service ou la propri\u00e9t\u00e9 intellectuelle, en tout ou partie, sans notre consentement \u00e9crit pr\u00e9alable. Ceci inclut, sans s'y limiter, le partage de mat\u00e9riel avec d'autres personnes, l'affichage d'extraits de mat\u00e9riel sur tout m\u00e9dia social, le blogging sur le mat\u00e9riel, ou de toute autre mani\u00e8re qui pourrait raisonnablement sembler partager l'information du Site ou du Service avec un non-membre. Nous nous r\u00e9servons le droit de vous retirer imm\u00e9diatement du Service, sans remboursement, si vous \u00eates pris \u00e0 enfreindre cette politique de propri\u00e9t\u00e9 intellectuelle.<\/p>\n<h2 class=\"mti_font_element\">Termes modifi\u00e9s<\/h2>\n<p>Nous pouvons \u00e0 tout moment modifier les pr\u00e9sentes conditions g\u00e9n\u00e9rales. De telles modifications entrent en vigueur d\u00e8s que nous vous en informons en affichant les nouvelles modalit\u00e9s et conditions sur ce site. Toute utilisation du Site ou du Service par vous apr\u00e8s notification signifie que vous acceptez ces modifications. Nous nous r\u00e9servons le droit de mettre \u00e0 jour n'importe quelle partie de notre Site et Service, y compris les pr\u00e9sentes Conditions G\u00e9n\u00e9rales, \u00e0 tout moment. Nous afficherons les versions les plus r\u00e9centes sur le Site et indiquerons les dates d'entr\u00e9e en vigueur sur les pages de nos Termes et Conditions.<\/p>\n<h4 class=\"mti_font_element\">LIMITATION DE LA RESPONSABILIT\u00c9<\/h4>\n<p>VOUS ACCEPTEZ QU'EN AUCUN CAS NOUS NE SERONS RESPONSABLES DES DOMMAGES DIRECTS, INDIRECTS, ACCESSOIRES, CONS\u00c9CUTIFS, SP\u00c9CIAUX, PUNITIFS, EXEMPLAIRES OU DE TOUT AUTRE DOMMAGE D\u00c9COULANT DE VOTRE UTILISATION DU SITE OU DU SERVICE. DE PLUS, DATANOVIA N'EST PAS RESPONSABLE DES DOMMAGES LI\u00c9S (I) \u00c0 TOUT D\u00c9FAUT D'EX\u00c9CUTION, ERREUR, OMISSION, D\u00c9NI DE SERVICE, ATTAQUE, INTERRUPTION, SUPPRESSION, D\u00c9FAUT, RETARD D'EXPLOITATION OU DE TRANSMISSION, VIRUS INFORMATIQUE OU PANNE DE LIGNE OU DE SYST\u00c8ME ; (II) PERTE DE REVENUS, B\u00c9N\u00c9FICES PR\u00c9VUS, AFFAIRES, \u00c9CONOMIES, GOODWILL OU DONN\u00c9ES ; (III) LE VOL, LA DESTRUCTION, L'ACC\u00c8S NON AUTORIS\u00c9, LA MODIFICATION OU L'UTILISATION DE VOS RENSEIGNEMENTS OU DE VOS BIENS PAR UN TIERS, SANS \u00c9GARD \u00c0 NOTRE N\u00c9GLIGENCE, \u00c0 L'\u00c9CHEC D'UNE FIN ESSENTIELLE ET AU FAIT QUE CETTE RESPONSABILIT\u00c9 D\u00c9COULE D'UNE N\u00c9GLIGENCE, D'UN CONTRAT, D'UN D\u00c9LIT OU DE TOUTE AUTRE TH\u00c9ORIE DE LA RESPONSABILIT\u00c9 L\u00c9GALE. CE QUI PR\u00c9C\u00c8DE S'APPLIQUE M\u00caME SI DATANOVIA A \u00c9T\u00c9 INFORM\u00c9 DE LA POSSIBILIT\u00c9 OU AURAIT PU PR\u00c9VOIR LES DOMMAGES. DANS LES \u00c9TATS QUI NE PERMETTENT PAS L'EXCLUSION OU LA LIMITATION DE RESPONSABILIT\u00c9 POUR LES DOMMAGES, NOTRE RESPONSABILIT\u00c9 EST LIMIT\u00c9E DANS TOUTE LA MESURE PERMISE PAR LA LOI. EN AUCUN CAS LA RESPONSABILIT\u00c9 CUMULATIVE DE DATANOVIA ENVERS VOUS NE D\u00c9PASSERA LE PRIX D'ACHAT TOTAL DU SERVICE QUE VOUS AVEZ ACHET\u00c9 DE DATANOVIA, ET SI AUCUN ACHAT N'A \u00c9T\u00c9 EFFECTU\u00c9 PAR VOUS, LA RESPONSABILIT\u00c9 CUMULATIVE DE DATANOVIA ENVERS VOUS NE D\u00c9PASSERA PAS $100.<\/p>\n<h2 class=\"mti_font_element\">Ressources de tierces parties<\/h2>\n<p>Le Site et le Service peuvent contenir des liens vers des sites Web et des ressources de tiers. Vous reconnaissez et acceptez que nous ne sommes pas responsables de la disponibilit\u00e9, de l'exactitude, du contenu ou des politiques des sites Web ou ressources de tiers. Les liens vers ces sites Web ou ressources n'impliquent aucune approbation ou affiliation de la part de Datanovia. Vous reconnaissez la responsabilit\u00e9 exclusive et assumez tous les risques d\u00e9coulant de votre utilisation de ces sites Web ou ressources.<\/p>\n<h2 class=\"mti_font_element\">Indemnisation<\/h2>\n<p>Vous devez nous indemniser et nous d\u00e9gager de toute responsabilit\u00e9 \u00e0 l'\u00e9gard des pertes, dommages, r\u00e8glements, responsabilit\u00e9s, co\u00fbts, frais, charges, \u00e9valuations et d\u00e9penses, ainsi que des r\u00e9clamations de tiers et des causes d'action, y compris, sans s'y limiter, les honoraires d'avocat, d\u00e9coulant de toute violation par vous de l'une de ces conditions g\u00e9n\u00e9rales ou de toute utilisation par vous du site ou service. Vous devez nous fournir, sans frais, l'aide que nous pouvons demander dans le cadre d'une telle d\u00e9fense, y compris, sans s'y limiter, nous fournir les renseignements, documents, dossiers et acc\u00e8s raisonnable que nous jugeons n\u00e9cessaires. Vous ne devez pas r\u00e9gler une r\u00e9clamation d'un tiers ou renoncer \u00e0 toute d\u00e9fense sans notre consentement \u00e9crit pr\u00e9alable.<\/p>\n<p>&amp;nbsp ;<\/p>\n<h2 class=\"mti_font_element\">L'acoord Entier<\/h2>\n<p>La pr\u00e9sente entente constitue l'entente int\u00e9grale entre vous et Datanovia concernant le site et le service et remplace toutes les ententes, repr\u00e9sentations et ententes ant\u00e9rieures et contemporaines entre nous.<\/p>\n<h2 class=\"mti_font_element\">Severability<\/h2>\n<p>Si un arbitre ou un tribunal comp\u00e9tent juge qu'une modalit\u00e9, une disposition, un engagement ou une condition de la pr\u00e9sente entente est invalide, nulle ou non ex\u00e9cutoire, le reste de l'entente demeure en vigueur et n'en sera aucunement affect\u00e9, compromis ou invalid\u00e9.<\/p>\n<h2>Informations de contact<\/h2>\n<p>Courriel : contact@datanovia.com<\/p>\n<p><strong>Mise \u00e0 jour : Octobre 2018 <\/strong><\/p>\n","protected":false},"excerpt":{"rendered":"<p>PAR L&rsquo;UTILISATION DE DATANOVIA.COM, VOUS CONSENTEZ \u00c0 NOS CONDITIONS D&rsquo;UTILISATION COMME SUIVANTES. . Pour consulter notre politique de confidentialit\u00e9, veuillez cliquer ici. Terminologie Vue d&rsquo;ensemble Les termes \u00ab\u00a0nous\u00a0\u00bb, \u00ab\u00a0notre\u00a0\u00bb et [&hellip;]<\/p>\n","protected":false},"author":1,"featured_media":0,"parent":0,"menu_order":0,"comment_status":"closed","ping_status":"closed","template":"","meta":{"rating_form_position":"","rating_results_position":"","mr_structured_data_type":"","footnotes":""},"class_list":["post-10613","page","type-page","status-publish","hentry"],"yoast_head":"<!-- This site is optimized with the Yoast SEO plugin v25.2 - https:\/\/yoast.com\/wordpress\/plugins\/seo\/ -->\n<title>Conditions d&#039;Utilisation - Datanovia<\/title>\n<meta name=\"robots\" content=\"index, follow, max-snippet:-1, max-image-preview:large, max-video-preview:-1\" \/>\n<link rel=\"canonical\" href=\"https:\/\/www.datanovia.com\/en\/fr\/conditions-dutilisation\/\" \/>\n<meta property=\"og:locale\" content=\"fr_FR\" \/>\n<meta property=\"og:type\" content=\"article\" \/>\n<meta property=\"og:title\" content=\"Conditions d&#039;Utilisation - Datanovia\" \/>\n<meta property=\"og:description\" content=\"PAR L&#039;UTILISATION DE DATANOVIA.COM, VOUS CONSENTEZ \u00c0 NOS CONDITIONS D&#039;UTILISATION COMME SUIVANTES. . Pour consulter notre politique de confidentialit\u00e9, veuillez cliquer ici. Terminologie Vue d&#039;ensemble Les termes &quot;nous&quot;, &quot;notre&quot; et [&hellip;]\" \/>\n<meta property=\"og:url\" content=\"https:\/\/www.datanovia.com\/en\/fr\/conditions-dutilisation\/\" \/>\n<meta property=\"og:site_name\" content=\"Datanovia\" \/>\n<meta property=\"article:modified_time\" content=\"2019-11-19T20:34:41+00:00\" \/>\n<meta name=\"twitter:card\" content=\"summary_large_image\" \/>\n<meta name=\"twitter:label1\" content=\"Dur\u00e9e de lecture estim\u00e9e\" \/>\n\t<meta name=\"twitter:data1\" content=\"12 minutes\" \/>\n<script type=\"application\/ld+json\" class=\"yoast-schema-graph\">{\"@context\":\"https:\/\/schema.org\",\"@graph\":[{\"@type\":\"WebPage\",\"@id\":\"https:\/\/www.datanovia.com\/en\/fr\/conditions-dutilisation\/\",\"url\":\"https:\/\/www.datanovia.com\/en\/fr\/conditions-dutilisation\/\",\"name\":\"Conditions d'Utilisation - Datanovia\",\"isPartOf\":{\"@id\":\"https:\/\/www.datanovia.com\/en\/fr\/#website\"},\"datePublished\":\"2019-11-19T20:34:39+00:00\",\"dateModified\":\"2019-11-19T20:34:41+00:00\",\"breadcrumb\":{\"@id\":\"https:\/\/www.datanovia.com\/en\/fr\/conditions-dutilisation\/#breadcrumb\"},\"inLanguage\":\"fr-FR\",\"potentialAction\":[{\"@type\":\"ReadAction\",\"target\":[\"https:\/\/www.datanovia.com\/en\/fr\/conditions-dutilisation\/\"]}]},{\"@type\":\"BreadcrumbList\",\"@id\":\"https:\/\/www.datanovia.com\/en\/fr\/conditions-dutilisation\/#breadcrumb\",\"itemListElement\":[{\"@type\":\"ListItem\",\"position\":1,\"name\":\"Home\",\"item\":\"https:\/\/www.datanovia.com\/en\/fr\/\"},{\"@type\":\"ListItem\",\"position\":2,\"name\":\"Conditions d&rsquo;Utilisation\"}]},{\"@type\":\"WebSite\",\"@id\":\"https:\/\/www.datanovia.com\/en\/fr\/#website\",\"url\":\"https:\/\/www.datanovia.com\/en\/fr\/\",\"name\":\"Datanovia\",\"description\":\"Exploration de Donn\u00e9es et Statistiques pour l'Aide \u00e0 la D\u00e9cision\",\"publisher\":{\"@id\":\"https:\/\/www.datanovia.com\/en\/fr\/#organization\"},\"potentialAction\":[{\"@type\":\"SearchAction\",\"target\":{\"@type\":\"EntryPoint\",\"urlTemplate\":\"https:\/\/www.datanovia.com\/en\/fr\/?s={search_term_string}\"},\"query-input\":{\"@type\":\"PropertyValueSpecification\",\"valueRequired\":true,\"valueName\":\"search_term_string\"}}],\"inLanguage\":\"fr-FR\"},{\"@type\":\"Organization\",\"@id\":\"https:\/\/www.datanovia.com\/en\/fr\/#organization\",\"name\":\"Datanovia\",\"url\":\"https:\/\/www.datanovia.com\/en\/fr\/\",\"logo\":{\"@type\":\"ImageObject\",\"inLanguage\":\"fr-FR\",\"@id\":\"https:\/\/www.datanovia.com\/en\/fr\/#\/schema\/logo\/image\/\",\"url\":\"https:\/\/www.datanovia.com\/en\/wp-content\/uploads\/2018\/09\/datanovia-logo.png\",\"contentUrl\":\"https:\/\/www.datanovia.com\/en\/wp-content\/uploads\/2018\/09\/datanovia-logo.png\",\"width\":98,\"height\":99,\"caption\":\"Datanovia\"},\"image\":{\"@id\":\"https:\/\/www.datanovia.com\/en\/fr\/#\/schema\/logo\/image\/\"}}]}<\/script>\n<!-- \/ Yoast SEO plugin. -->","yoast_head_json":{"title":"Conditions d'Utilisation - Datanovia","robots":{"index":"index","follow":"follow","max-snippet":"max-snippet:-1","max-image-preview":"max-image-preview:large","max-video-preview":"max-video-preview:-1"},"canonical":"https:\/\/www.datanovia.com\/en\/fr\/conditions-dutilisation\/","og_locale":"fr_FR","og_type":"article","og_title":"Conditions d'Utilisation - Datanovia","og_description":"PAR L'UTILISATION DE DATANOVIA.COM, VOUS CONSENTEZ \u00c0 NOS CONDITIONS D'UTILISATION COMME SUIVANTES. . Pour consulter notre politique de confidentialit\u00e9, veuillez cliquer ici. Terminologie Vue d'ensemble Les termes \"nous\", \"notre\" et [&hellip;]","og_url":"https:\/\/www.datanovia.com\/en\/fr\/conditions-dutilisation\/","og_site_name":"Datanovia","article_modified_time":"2019-11-19T20:34:41+00:00","twitter_card":"summary_large_image","twitter_misc":{"Dur\u00e9e de lecture estim\u00e9e":"12 minutes"},"schema":{"@context":"https:\/\/schema.org","@graph":[{"@type":"WebPage","@id":"https:\/\/www.datanovia.com\/en\/fr\/conditions-dutilisation\/","url":"https:\/\/www.datanovia.com\/en\/fr\/conditions-dutilisation\/","name":"Conditions d'Utilisation - Datanovia","isPartOf":{"@id":"https:\/\/www.datanovia.com\/en\/fr\/#website"},"datePublished":"2019-11-19T20:34:39+00:00","dateModified":"2019-11-19T20:34:41+00:00","breadcrumb":{"@id":"https:\/\/www.datanovia.com\/en\/fr\/conditions-dutilisation\/#breadcrumb"},"inLanguage":"fr-FR","potentialAction":[{"@type":"ReadAction","target":["https:\/\/www.datanovia.com\/en\/fr\/conditions-dutilisation\/"]}]},{"@type":"BreadcrumbList","@id":"https:\/\/www.datanovia.com\/en\/fr\/conditions-dutilisation\/#breadcrumb","itemListElement":[{"@type":"ListItem","position":1,"name":"Home","item":"https:\/\/www.datanovia.com\/en\/fr\/"},{"@type":"ListItem","position":2,"name":"Conditions d&rsquo;Utilisation"}]},{"@type":"WebSite","@id":"https:\/\/www.datanovia.com\/en\/fr\/#website","url":"https:\/\/www.datanovia.com\/en\/fr\/","name":"Datanovia","description":"Exploration de Donn\u00e9es et Statistiques pour l'Aide \u00e0 la D\u00e9cision","publisher":{"@id":"https:\/\/www.datanovia.com\/en\/fr\/#organization"},"potentialAction":[{"@type":"SearchAction","target":{"@type":"EntryPoint","urlTemplate":"https:\/\/www.datanovia.com\/en\/fr\/?s={search_term_string}"},"query-input":{"@type":"PropertyValueSpecification","valueRequired":true,"valueName":"search_term_string"}}],"inLanguage":"fr-FR"},{"@type":"Organization","@id":"https:\/\/www.datanovia.com\/en\/fr\/#organization","name":"Datanovia","url":"https:\/\/www.datanovia.com\/en\/fr\/","logo":{"@type":"ImageObject","inLanguage":"fr-FR","@id":"https:\/\/www.datanovia.com\/en\/fr\/#\/schema\/logo\/image\/","url":"https:\/\/www.datanovia.com\/en\/wp-content\/uploads\/2018\/09\/datanovia-logo.png","contentUrl":"https:\/\/www.datanovia.com\/en\/wp-content\/uploads\/2018\/09\/datanovia-logo.png","width":98,"height":99,"caption":"Datanovia"},"image":{"@id":"https:\/\/www.datanovia.com\/en\/fr\/#\/schema\/logo\/image\/"}}]}},"multi-rating":{"mr_rating_results":[]},"_links":{"self":[{"href":"https:\/\/www.datanovia.com\/en\/fr\/wp-json\/wp\/v2\/pages\/10613","targetHints":{"allow":["GET"]}}],"collection":[{"href":"https:\/\/www.datanovia.com\/en\/fr\/wp-json\/wp\/v2\/pages"}],"about":[{"href":"https:\/\/www.datanovia.com\/en\/fr\/wp-json\/wp\/v2\/types\/page"}],"author":[{"embeddable":true,"href":"https:\/\/www.datanovia.com\/en\/fr\/wp-json\/wp\/v2\/users\/1"}],"replies":[{"embeddable":true,"href":"https:\/\/www.datanovia.com\/en\/fr\/wp-json\/wp\/v2\/comments?post=10613"}],"version-history":[{"count":1,"href":"https:\/\/www.datanovia.com\/en\/fr\/wp-json\/wp\/v2\/pages\/10613\/revisions"}],"predecessor-version":[{"id":10614,"href":"https:\/\/www.datanovia.com\/en\/fr\/wp-json\/wp\/v2\/pages\/10613\/revisions\/10614"}],"wp:attachment":[{"href":"https:\/\/www.datanovia.com\/en\/fr\/wp-json\/wp\/v2\/media?parent=10613"}],"curies":[{"name":"wp","href":"https:\/\/api.w.org\/{rel}","templated":true}]}}