{"id":10438,"date":"2018-12-30T12:08:57","date_gmt":"2019-11-17T12:35:55","guid":{"rendered":"https:\/\/www.datanovia.com\/en\/?post_type=product&#038;p=10438"},"modified":"2025-10-03T21:54:30","modified_gmt":"2025-10-03T20:54:30","slug":"ggplot2-lessentiel-pour-une-visualisation-magnifique-des-donnees-dans-r","status":"publish","type":"product","link":"https:\/\/www.datanovia.com\/en\/fr\/produit\/ggplot2-lessentiel-pour-une-visualisation-magnifique-des-donnees-dans-r\/","title":{"rendered":"GGPLOT2 &#8211; L&rsquo;Essentiel pour une Visualisation Magnifique des Donn\u00e9es dans R"},"content":{"rendered":"<div id=\"rdoc\">\n<div id=\"book-desc\" class=\"section level2\">\n<p><strong>GGPlot2<\/strong> est un package R puissant et flexible, impl\u00e9ment\u00e9 par Hadley Wickham, pour produire des graphiques \u00e9l\u00e9gants pi\u00e8ce par pi\u00e8ce.<\/p>\n<p>ggplot2 est devenu un package populaire pour la visualisation de donn\u00e9es. La documentation officielle du package est disponible \u00e0 l\u2019adresse suivante : <a class=\"uri\" href=\"https:\/\/ggplot2.tidyverse.org\/reference\/\">https:\/\/ggplot2.tidyverse.org\/reference\/<\/a>. Cependant, parcourir cette documentation compl\u00e8te peut \u201cvous rendre fou\u201d !<\/p>\n<p>Ce livre pr\u00e9sente l\u2019essentiel de ggplot2 pour cr\u00e9er facilement de beaux graphiques dans R.<\/p>\n<\/div>\n<div id=\"key-feat\" class=\"section level2\">\n<h2>Principales caract\u00e9ristiques de ce livre<\/h2>\n<ul>\n<li>Couvre les fonctions graphiques les plus importantes<\/li>\n<li>Chapitres courts et complets avec des exemples pratiques.<\/li>\n<\/ul>\n<p>Quelques exemples de graphiques, d\u00e9crits dans ce livre, sont pr\u00e9sent\u00e9s ci-dessous.<\/p>\n<ul>\n<li>Cr\u00e9er des <strong>diagrammes de dispersion<\/strong> pour afficher la relation entre deux variables continues x et y<\/li>\n<\/ul>\n<p><img decoding=\"async\" src=\"https:\/\/www.datanovia.com\/en\/wp-content\/uploads\/dn-tutorials\/ggplot2\/figures\/019-ggplot2-book-ggplot2-examples-scatter-plot-1.png\" width=\"153.6\" \/><img decoding=\"async\" src=\"https:\/\/www.datanovia.com\/en\/wp-content\/uploads\/dn-tutorials\/ggplot2\/figures\/019-ggplot2-book-ggplot2-examples-scatter-plot-2.png\" width=\"153.6\" \/><img decoding=\"async\" src=\"https:\/\/www.datanovia.com\/en\/wp-content\/uploads\/dn-tutorials\/ggplot2\/figures\/019-ggplot2-book-ggplot2-examples-scatter-plot-3.png\" width=\"153.6\" \/><img decoding=\"async\" src=\"https:\/\/www.datanovia.com\/en\/wp-content\/uploads\/dn-tutorials\/ggplot2\/figures\/019-ggplot2-book-ggplot2-examples-scatter-plot-4.png\" width=\"153.6\" \/><\/p>\n<ul>\n<li>Utilisation de Box plots et d\u2019alternatives pour visualiser les donn\u00e9es group\u00e9es en fonction d\u2019une variable cat\u00e9gorielle<\/li>\n<\/ul>\n<p><img decoding=\"async\" src=\"https:\/\/www.datanovia.com\/en\/wp-content\/uploads\/dn-tutorials\/ggplot2\/figures\/019-ggplot2-book-ggplot2-examples-boxplots-dotplots-violin-plots-1.png\" width=\"153.6\" \/><img decoding=\"async\" src=\"https:\/\/www.datanovia.com\/en\/wp-content\/uploads\/dn-tutorials\/ggplot2\/figures\/019-ggplot2-book-ggplot2-examples-boxplots-dotplots-violin-plots-2.png\" width=\"153.6\" \/><img decoding=\"async\" src=\"https:\/\/www.datanovia.com\/en\/wp-content\/uploads\/dn-tutorials\/ggplot2\/figures\/019-ggplot2-book-ggplot2-examples-boxplots-dotplots-violin-plots-3.png\" width=\"153.6\" \/><img decoding=\"async\" src=\"https:\/\/www.datanovia.com\/en\/wp-content\/uploads\/dn-tutorials\/ggplot2\/figures\/019-ggplot2-book-ggplot2-examples-boxplots-dotplots-violin-plots-4.png\" width=\"153.6\" \/><\/p>\n<ul>\n<li>Bar et Line Plots<\/li>\n<\/ul>\n<p><img decoding=\"async\" src=\"https:\/\/www.datanovia.com\/en\/wp-content\/uploads\/dn-tutorials\/ggplot2\/figures\/019-ggplot2-book-ggplot2-examples-bar-and-line-plots-1.png\" width=\"153.6\" \/><img decoding=\"async\" src=\"https:\/\/www.datanovia.com\/en\/wp-content\/uploads\/dn-tutorials\/ggplot2\/figures\/019-ggplot2-book-ggplot2-examples-bar-and-line-plots-2.png\" width=\"153.6\" \/><\/p>\n<ul>\n<li>Visualisation des barres d\u2019erreur<\/li>\n<\/ul>\n<p><img decoding=\"async\" src=\"https:\/\/www.datanovia.com\/en\/wp-content\/uploads\/dn-tutorials\/ggplot2\/figures\/019-ggplot2-book-ggplot2-examples-error-bars-1.png\" width=\"153.6\" \/><img decoding=\"async\" src=\"https:\/\/www.datanovia.com\/en\/wp-content\/uploads\/dn-tutorials\/ggplot2\/figures\/019-ggplot2-book-ggplot2-examples-error-bars-2.png\" width=\"153.6\" \/><img decoding=\"async\" src=\"https:\/\/www.datanovia.com\/en\/wp-content\/uploads\/dn-tutorials\/ggplot2\/figures\/019-ggplot2-book-ggplot2-examples-error-bars-3.png\" width=\"153.6\" \/><\/p>\n<ul>\n<li>Examen de la distribution d\u2019une <strong>variable continue<\/strong> \u00e0 l\u2019aide de <strong>diagrammes de densit\u00e9<\/strong>, <strong>histogrammes<\/strong> et alternatives<\/li>\n<\/ul>\n<p><img decoding=\"async\" src=\"https:\/\/www.datanovia.com\/en\/wp-content\/uploads\/dn-tutorials\/ggplot2\/figures\/019-ggplot2-book-ggplot2-examples-distribution-of-one-continuous-variable-1.png\" width=\"153.6\" \/><img decoding=\"async\" src=\"https:\/\/www.datanovia.com\/en\/wp-content\/uploads\/dn-tutorials\/ggplot2\/figures\/019-ggplot2-book-ggplot2-examples-distribution-of-one-continuous-variable-2.png\" width=\"153.6\" \/><img decoding=\"async\" src=\"https:\/\/www.datanovia.com\/en\/wp-content\/uploads\/dn-tutorials\/ggplot2\/figures\/019-ggplot2-book-ggplot2-examples-distribution-of-one-continuous-variable-3.png\" width=\"153.6\" \/><img decoding=\"async\" src=\"https:\/\/www.datanovia.com\/en\/wp-content\/uploads\/dn-tutorials\/ggplot2\/figures\/019-ggplot2-book-ggplot2-examples-distribution-of-one-continuous-variable-4.png\" width=\"153.6\" \/><\/p>\n<p>Vous apprendrez \u00e9galement comment combiner plusieurs ggplots en une seule figure.<\/p>\n<\/div>\n<\/div>\n<p><!--end rdoc--><\/p>\n","protected":false},"excerpt":{"rendered":"<p>Ce livre pr\u00e9sente l&rsquo;essentiel de ggplot2 pour cr\u00e9er facilement de beaux graphiques en R.<\/p>\n<p>Caract\u00e9ristiques cl\u00e9s :<\/p>\n<ul>\n<li>Couvre les fonctions graphiques les plus importantes<\/li>\n<li>Chapitres courts et complets avec des exemples pratiques.<\/li>\n<\/ul>\n<div class=\"aff-ordering-info\"><b>Commandez une Copie Physique<\/b> sur <a href=\"https:\/\/www.datanovia.com\/en\/o3mv\" target=\"_blank\" rel=\"nofollow noopener noreferrer\">Amazon<\/a>:<br \/>\n<a href=\"https:\/\/www.datanovia.com\/en\/o3mv\" target=\"_blank\" rel=\"nofollow noopener noreferrer\"><img decoding=\"async\" src=\"https:\/\/www.datanovia.com\/en\/wp-content\/uploads\/dn-tutorials\/affiliate-marketing\/images\/amazon.png\" alt=\"Amazon\" \/><\/a><\/p>\n<p><b>Ou, Achetez et T\u00e9l\u00e9chargez Maintenant le Format PDF<\/b> en cliquant sur le bouton <b>\u00ab\u00a0AJOUTER AU PANIER\u00a0\u00bb<\/b> ci-dessous. Vous allez recevoir un lien pour t\u00e9l\u00e9charger une <b>version PDF<\/b> (clickez pour voir un <a href=\"https:\/\/www.datanovia.com\/en\/wp-content\/uploads\/dn-tutorials\/book-preview\/ggplot2-essentiels_preview.pdf\" target=\"_blank\" rel=\"noopener noreferrer\">apper\u00e7u du livre<\/a>)<\/p>\n<\/div>\n","protected":false},"featured_media":10442,"comment_status":"open","ping_status":"closed","template":"","meta":{"rating_form_position":"","rating_results_position":"","mr_structured_data_type":""},"product_brand":[],"product_cat":[268],"product_tag":[262,260,259],"class_list":{"0":"post-10438","1":"product","2":"type-product","3":"status-publish","4":"has-post-thumbnail","6":"product_cat-livre","7":"product_tag-ggplot2-fr","8":"product_tag-graphiques","9":"product_tag-visualisation-de-donnees","11":"first","12":"instock","13":"downloadable","14":"virtual","15":"purchasable","16":"product-type-simple"},"yoast_head":"<!-- This site is optimized with the Yoast SEO plugin v25.2 - https:\/\/yoast.com\/wordpress\/plugins\/seo\/ -->\n<title>GGPLOT2 - L&#039;Essentiel pour une Visualisation Magnifique des Donn\u00e9es dans R - Datanovia<\/title>\n<meta name=\"robots\" content=\"index, follow, max-snippet:-1, max-image-preview:large, max-video-preview:-1\" \/>\n<link rel=\"canonical\" href=\"https:\/\/www.datanovia.com\/en\/fr\/produit\/ggplot2-lessentiel-pour-une-visualisation-magnifique-des-donnees-dans-r\/\" \/>\n<meta property=\"og:locale\" content=\"fr_FR\" \/>\n<meta property=\"og:type\" content=\"article\" \/>\n<meta property=\"og:title\" content=\"GGPLOT2 - L&#039;Essentiel pour une Visualisation Magnifique des Donn\u00e9es dans R - Datanovia\" \/>\n<meta property=\"og:description\" content=\"Ce livre pr\u00e9sente l&#039;essentiel de ggplot2 pour cr\u00e9er facilement de beaux graphiques en R.  Caract\u00e9ristiques cl\u00e9s :   Couvre les fonctions graphiques les plus importantes  Chapitres courts et complets avec des exemples pratiques.  Commandez une Copie Physique sur Amazon:   Ou, Achetez et T\u00e9l\u00e9chargez Maintenant le Format PDF en cliquant sur le bouton &quot;AJOUTER AU PANIER&quot; ci-dessous. Vous allez recevoir un lien pour t\u00e9l\u00e9charger une version PDF (clickez pour voir un apper\u00e7u du livre)\" \/>\n<meta property=\"og:url\" content=\"https:\/\/www.datanovia.com\/en\/fr\/produit\/ggplot2-lessentiel-pour-une-visualisation-magnifique-des-donnees-dans-r\/\" \/>\n<meta property=\"og:site_name\" content=\"Datanovia\" \/>\n<meta property=\"article:modified_time\" content=\"2025-10-03T20:54:30+00:00\" \/>\n<meta property=\"og:image\" content=\"https:\/\/www.datanovia.com\/en\/wp-content\/uploads\/2018\/12\/ggplot2-book-frontcover_660px.png\" \/>\n\t<meta property=\"og:image:width\" content=\"660\" \/>\n\t<meta property=\"og:image:height\" content=\"822\" \/>\n\t<meta property=\"og:image:type\" content=\"image\/png\" \/>\n<meta name=\"twitter:card\" content=\"summary_large_image\" \/>\n<meta name=\"twitter:label1\" content=\"Dur\u00e9e de lecture estim\u00e9e\" \/>\n\t<meta name=\"twitter:data1\" content=\"1 minute\" \/>\n<script type=\"application\/ld+json\" class=\"yoast-schema-graph\">{\"@context\":\"https:\/\/schema.org\",\"@graph\":[{\"@type\":\"WebPage\",\"@id\":\"https:\/\/www.datanovia.com\/en\/fr\/produit\/ggplot2-lessentiel-pour-une-visualisation-magnifique-des-donnees-dans-r\/\",\"url\":\"https:\/\/www.datanovia.com\/en\/fr\/produit\/ggplot2-lessentiel-pour-une-visualisation-magnifique-des-donnees-dans-r\/\",\"name\":\"GGPLOT2 - L'Essentiel pour une Visualisation Magnifique des Donn\u00e9es dans R - Datanovia\",\"isPartOf\":{\"@id\":\"https:\/\/www.datanovia.com\/en\/fr\/#website\"},\"primaryImageOfPage\":{\"@id\":\"https:\/\/www.datanovia.com\/en\/fr\/produit\/ggplot2-lessentiel-pour-une-visualisation-magnifique-des-donnees-dans-r\/#primaryimage\"},\"image\":{\"@id\":\"https:\/\/www.datanovia.com\/en\/fr\/produit\/ggplot2-lessentiel-pour-une-visualisation-magnifique-des-donnees-dans-r\/#primaryimage\"},\"thumbnailUrl\":\"https:\/\/www.datanovia.com\/en\/wp-content\/uploads\/2018\/12\/ggplot2-book-frontcover_660px.png\",\"datePublished\":\"2019-11-17T12:35:55+00:00\",\"dateModified\":\"2025-10-03T20:54:30+00:00\",\"breadcrumb\":{\"@id\":\"https:\/\/www.datanovia.com\/en\/fr\/produit\/ggplot2-lessentiel-pour-une-visualisation-magnifique-des-donnees-dans-r\/#breadcrumb\"},\"inLanguage\":\"fr-FR\",\"potentialAction\":[{\"@type\":\"ReadAction\",\"target\":[\"https:\/\/www.datanovia.com\/en\/fr\/produit\/ggplot2-lessentiel-pour-une-visualisation-magnifique-des-donnees-dans-r\/\"]}]},{\"@type\":\"ImageObject\",\"inLanguage\":\"fr-FR\",\"@id\":\"https:\/\/www.datanovia.com\/en\/fr\/produit\/ggplot2-lessentiel-pour-une-visualisation-magnifique-des-donnees-dans-r\/#primaryimage\",\"url\":\"https:\/\/www.datanovia.com\/en\/wp-content\/uploads\/2018\/12\/ggplot2-book-frontcover_660px.png\",\"contentUrl\":\"https:\/\/www.datanovia.com\/en\/wp-content\/uploads\/2018\/12\/ggplot2-book-frontcover_660px.png\",\"width\":660,\"height\":822},{\"@type\":\"BreadcrumbList\",\"@id\":\"https:\/\/www.datanovia.com\/en\/fr\/produit\/ggplot2-lessentiel-pour-une-visualisation-magnifique-des-donnees-dans-r\/#breadcrumb\",\"itemListElement\":[{\"@type\":\"ListItem\",\"position\":1,\"name\":\"Home\",\"item\":\"https:\/\/www.datanovia.com\/en\/fr\/\"},{\"@type\":\"ListItem\",\"position\":2,\"name\":\"Boutique\",\"item\":\"https:\/\/www.datanovia.com\/en\/fr\/shop-2\/\"},{\"@type\":\"ListItem\",\"position\":3,\"name\":\"GGPLOT2 &#8211; L&#8217;Essentiel pour une Visualisation Magnifique des Donn\u00e9es dans R\"}]},{\"@type\":\"WebSite\",\"@id\":\"https:\/\/www.datanovia.com\/en\/fr\/#website\",\"url\":\"https:\/\/www.datanovia.com\/en\/fr\/\",\"name\":\"Datanovia\",\"description\":\"Exploration de Donn\u00e9es et Statistiques pour l'Aide \u00e0 la D\u00e9cision\",\"publisher\":{\"@id\":\"https:\/\/www.datanovia.com\/en\/fr\/#organization\"},\"potentialAction\":[{\"@type\":\"SearchAction\",\"target\":{\"@type\":\"EntryPoint\",\"urlTemplate\":\"https:\/\/www.datanovia.com\/en\/fr\/?s={search_term_string}\"},\"query-input\":{\"@type\":\"PropertyValueSpecification\",\"valueRequired\":true,\"valueName\":\"search_term_string\"}}],\"inLanguage\":\"fr-FR\"},{\"@type\":\"Organization\",\"@id\":\"https:\/\/www.datanovia.com\/en\/fr\/#organization\",\"name\":\"Datanovia\",\"url\":\"https:\/\/www.datanovia.com\/en\/fr\/\",\"logo\":{\"@type\":\"ImageObject\",\"inLanguage\":\"fr-FR\",\"@id\":\"https:\/\/www.datanovia.com\/en\/fr\/#\/schema\/logo\/image\/\",\"url\":\"https:\/\/www.datanovia.com\/en\/wp-content\/uploads\/2018\/09\/datanovia-logo.png\",\"contentUrl\":\"https:\/\/www.datanovia.com\/en\/wp-content\/uploads\/2018\/09\/datanovia-logo.png\",\"width\":98,\"height\":99,\"caption\":\"Datanovia\"},\"image\":{\"@id\":\"https:\/\/www.datanovia.com\/en\/fr\/#\/schema\/logo\/image\/\"}}]}<\/script>\n<!-- \/ Yoast SEO plugin. -->","yoast_head_json":{"title":"GGPLOT2 - L'Essentiel pour une Visualisation Magnifique des Donn\u00e9es dans R - Datanovia","robots":{"index":"index","follow":"follow","max-snippet":"max-snippet:-1","max-image-preview":"max-image-preview:large","max-video-preview":"max-video-preview:-1"},"canonical":"https:\/\/www.datanovia.com\/en\/fr\/produit\/ggplot2-lessentiel-pour-une-visualisation-magnifique-des-donnees-dans-r\/","og_locale":"fr_FR","og_type":"article","og_title":"GGPLOT2 - L'Essentiel pour une Visualisation Magnifique des Donn\u00e9es dans R - Datanovia","og_description":"Ce livre pr\u00e9sente l'essentiel de ggplot2 pour cr\u00e9er facilement de beaux graphiques en R.  Caract\u00e9ristiques cl\u00e9s :   Couvre les fonctions graphiques les plus importantes  Chapitres courts et complets avec des exemples pratiques.  Commandez une Copie Physique sur Amazon:   Ou, Achetez et T\u00e9l\u00e9chargez Maintenant le Format PDF en cliquant sur le bouton \"AJOUTER AU PANIER\" ci-dessous. Vous allez recevoir un lien pour t\u00e9l\u00e9charger une version PDF (clickez pour voir un apper\u00e7u du livre)","og_url":"https:\/\/www.datanovia.com\/en\/fr\/produit\/ggplot2-lessentiel-pour-une-visualisation-magnifique-des-donnees-dans-r\/","og_site_name":"Datanovia","article_modified_time":"2025-10-03T20:54:30+00:00","og_image":[{"width":660,"height":822,"url":"https:\/\/www.datanovia.com\/en\/wp-content\/uploads\/2018\/12\/ggplot2-book-frontcover_660px.png","type":"image\/png"}],"twitter_card":"summary_large_image","twitter_misc":{"Dur\u00e9e de lecture estim\u00e9e":"1 minute"},"schema":{"@context":"https:\/\/schema.org","@graph":[{"@type":"WebPage","@id":"https:\/\/www.datanovia.com\/en\/fr\/produit\/ggplot2-lessentiel-pour-une-visualisation-magnifique-des-donnees-dans-r\/","url":"https:\/\/www.datanovia.com\/en\/fr\/produit\/ggplot2-lessentiel-pour-une-visualisation-magnifique-des-donnees-dans-r\/","name":"GGPLOT2 - L'Essentiel pour une Visualisation Magnifique des Donn\u00e9es dans R - Datanovia","isPartOf":{"@id":"https:\/\/www.datanovia.com\/en\/fr\/#website"},"primaryImageOfPage":{"@id":"https:\/\/www.datanovia.com\/en\/fr\/produit\/ggplot2-lessentiel-pour-une-visualisation-magnifique-des-donnees-dans-r\/#primaryimage"},"image":{"@id":"https:\/\/www.datanovia.com\/en\/fr\/produit\/ggplot2-lessentiel-pour-une-visualisation-magnifique-des-donnees-dans-r\/#primaryimage"},"thumbnailUrl":"https:\/\/www.datanovia.com\/en\/wp-content\/uploads\/2018\/12\/ggplot2-book-frontcover_660px.png","datePublished":"2019-11-17T12:35:55+00:00","dateModified":"2025-10-03T20:54:30+00:00","breadcrumb":{"@id":"https:\/\/www.datanovia.com\/en\/fr\/produit\/ggplot2-lessentiel-pour-une-visualisation-magnifique-des-donnees-dans-r\/#breadcrumb"},"inLanguage":"fr-FR","potentialAction":[{"@type":"ReadAction","target":["https:\/\/www.datanovia.com\/en\/fr\/produit\/ggplot2-lessentiel-pour-une-visualisation-magnifique-des-donnees-dans-r\/"]}]},{"@type":"ImageObject","inLanguage":"fr-FR","@id":"https:\/\/www.datanovia.com\/en\/fr\/produit\/ggplot2-lessentiel-pour-une-visualisation-magnifique-des-donnees-dans-r\/#primaryimage","url":"https:\/\/www.datanovia.com\/en\/wp-content\/uploads\/2018\/12\/ggplot2-book-frontcover_660px.png","contentUrl":"https:\/\/www.datanovia.com\/en\/wp-content\/uploads\/2018\/12\/ggplot2-book-frontcover_660px.png","width":660,"height":822},{"@type":"BreadcrumbList","@id":"https:\/\/www.datanovia.com\/en\/fr\/produit\/ggplot2-lessentiel-pour-une-visualisation-magnifique-des-donnees-dans-r\/#breadcrumb","itemListElement":[{"@type":"ListItem","position":1,"name":"Home","item":"https:\/\/www.datanovia.com\/en\/fr\/"},{"@type":"ListItem","position":2,"name":"Boutique","item":"https:\/\/www.datanovia.com\/en\/fr\/shop-2\/"},{"@type":"ListItem","position":3,"name":"GGPLOT2 &#8211; L&#8217;Essentiel pour une Visualisation Magnifique des Donn\u00e9es dans R"}]},{"@type":"WebSite","@id":"https:\/\/www.datanovia.com\/en\/fr\/#website","url":"https:\/\/www.datanovia.com\/en\/fr\/","name":"Datanovia","description":"Exploration de Donn\u00e9es et Statistiques pour l'Aide \u00e0 la D\u00e9cision","publisher":{"@id":"https:\/\/www.datanovia.com\/en\/fr\/#organization"},"potentialAction":[{"@type":"SearchAction","target":{"@type":"EntryPoint","urlTemplate":"https:\/\/www.datanovia.com\/en\/fr\/?s={search_term_string}"},"query-input":{"@type":"PropertyValueSpecification","valueRequired":true,"valueName":"search_term_string"}}],"inLanguage":"fr-FR"},{"@type":"Organization","@id":"https:\/\/www.datanovia.com\/en\/fr\/#organization","name":"Datanovia","url":"https:\/\/www.datanovia.com\/en\/fr\/","logo":{"@type":"ImageObject","inLanguage":"fr-FR","@id":"https:\/\/www.datanovia.com\/en\/fr\/#\/schema\/logo\/image\/","url":"https:\/\/www.datanovia.com\/en\/wp-content\/uploads\/2018\/09\/datanovia-logo.png","contentUrl":"https:\/\/www.datanovia.com\/en\/wp-content\/uploads\/2018\/09\/datanovia-logo.png","width":98,"height":99,"caption":"Datanovia"},"image":{"@id":"https:\/\/www.datanovia.com\/en\/fr\/#\/schema\/logo\/image\/"}}]}},"multi-rating":{"mr_rating_results":[{"adjusted_star_result":0,"star_result":0,"total_max_option_value":5,"adjusted_score_result":0,"score_result":0,"percentage_result":0,"adjusted_percentage_result":0,"count":0,"post_id":10438}]},"_links":{"self":[{"href":"https:\/\/www.datanovia.com\/en\/fr\/wp-json\/wp\/v2\/product\/10438","targetHints":{"allow":["GET"]}}],"collection":[{"href":"https:\/\/www.datanovia.com\/en\/fr\/wp-json\/wp\/v2\/product"}],"about":[{"href":"https:\/\/www.datanovia.com\/en\/fr\/wp-json\/wp\/v2\/types\/product"}],"replies":[{"embeddable":true,"href":"https:\/\/www.datanovia.com\/en\/fr\/wp-json\/wp\/v2\/comments?post=10438"}],"wp:featuredmedia":[{"embeddable":true,"href":"https:\/\/www.datanovia.com\/en\/fr\/wp-json\/wp\/v2\/media\/10442"}],"wp:attachment":[{"href":"https:\/\/www.datanovia.com\/en\/fr\/wp-json\/wp\/v2\/media?parent=10438"}],"wp:term":[{"taxonomy":"product_brand","embeddable":true,"href":"https:\/\/www.datanovia.com\/en\/fr\/wp-json\/wp\/v2\/product_brand?post=10438"},{"taxonomy":"product_cat","embeddable":true,"href":"https:\/\/www.datanovia.com\/en\/fr\/wp-json\/wp\/v2\/product_cat?post=10438"},{"taxonomy":"product_tag","embeddable":true,"href":"https:\/\/www.datanovia.com\/en\/fr\/wp-json\/wp\/v2\/product_tag?post=10438"}],"curies":[{"name":"wp","href":"https:\/\/api.w.org\/{rel}","templated":true}]}}