{"id":7186,"date":"2018-09-22T10:56:48","date_gmt":"2018-09-22T10:56:48","guid":{"rendered":"https:\/\/www.datanovia.com\/en\/?post_type=product&#038;p=7186"},"modified":"2023-12-31T08:29:59","modified_gmt":"2023-12-31T07:29:59","slug":"network-analysis-and-visualization-in-r","status":"publish","type":"product","link":"https:\/\/www.datanovia.com\/en\/fr\/produit\/network-analysis-and-visualization-in-r\/","title":{"rendered":"Network Analysis and Visualization in R"},"content":{"rendered":"<p>Social network analysis is used to investigate the inter-relationship between entities. Examples of network structures, include: social media networks, friendship networks and collaboration networks.<\/p>\n<p>This book provides a quick start guide to network analysis and visualization in R.<\/p>\n<p>You'll learn, how to:<\/p>\n<ul>\n<li>Create static and interactive network graphs using modern R packages.<\/li>\n<li>Change the layout of network graphs.<\/li>\n<li>Detect important or central entities in a network graph.<\/li>\n<li>Detect community (or cluster) in a network.<\/li>\n<\/ul>\n","protected":false},"excerpt":{"rendered":"<p>This book provides a quick start guide to network analysis and visualization in R. You&rsquo;ll learn, how to create static and interactive network graphs.<\/p>\n<div class=\"aff-ordering-info\"><b>Order a Physical Copy<\/b> on <a href=\"https:\/\/www.datanovia.com\/en\/fey9\" target=\"_blank\" rel=\"nofollow noopener noreferrer\">Amazon<\/a>:<br \/>\n<a href=\"https:\/\/www.datanovia.com\/en\/fey9\" target=\"_blank\" rel=\"nofollow noopener noreferrer\"><img decoding=\"async\" src=\"https:\/\/www.datanovia.com\/en\/wp-content\/uploads\/dn-tutorials\/affiliate-marketing\/images\/amazon.png\" alt=\"Amazon\" \/><\/a><\/p>\n<p><b>Or, Buy and Download Now a PDF Copy<\/b> by clicking on the <b>\u00ab\u00a0ADD TO CART\u00a0\u00bb<\/b> button down below. You will receive a link to download a <b>PDF copy<\/b><\/p>\n<\/div>\n","protected":false},"featured_media":7188,"comment_status":"open","ping_status":"closed","template":"","meta":{"rating_form_position":"","rating_results_position":"","mr_structured_data_type":""},"product_brand":[],"product_cat":[268],"product_tag":[266],"class_list":{"0":"post-7186","1":"product","2":"type-product","3":"status-publish","4":"has-post-thumbnail","6":"product_cat-livre","7":"product_tag-visualisation-de-reseau","9":"first","10":"instock","11":"downloadable","12":"virtual","13":"purchasable","14":"product-type-simple"},"yoast_head":"<!-- This site is optimized with the Yoast SEO plugin v25.2 - https:\/\/yoast.com\/wordpress\/plugins\/seo\/ -->\n<title>Network Analysis and Visualization in R - Datanovia<\/title>\n<meta name=\"robots\" content=\"index, follow, max-snippet:-1, max-image-preview:large, max-video-preview:-1\" \/>\n<link rel=\"canonical\" href=\"https:\/\/www.datanovia.com\/en\/fr\/produit\/network-analysis-and-visualization-in-r\/\" \/>\n<meta property=\"og:locale\" content=\"fr_FR\" \/>\n<meta property=\"og:type\" content=\"article\" \/>\n<meta property=\"og:title\" content=\"Network Analysis and Visualization in R - Datanovia\" \/>\n<meta property=\"og:description\" content=\"This book provides a quick start guide to network analysis and visualization in R. You&#039;ll learn, how to create static and interactive network graphs. Order a Physical Copy on Amazon:   Or, Buy and Download Now a PDF Copy by clicking on the &quot;ADD TO CART&quot; button down below. You will receive a link to download a PDF copy\" \/>\n<meta property=\"og:url\" content=\"https:\/\/www.datanovia.com\/en\/fr\/produit\/network-analysis-and-visualization-in-r\/\" \/>\n<meta property=\"og:site_name\" content=\"Datanovia\" \/>\n<meta property=\"article:modified_time\" content=\"2023-12-31T07:29:59+00:00\" \/>\n<meta property=\"og:image\" content=\"https:\/\/www.datanovia.com\/en\/wp-content\/uploads\/2018\/09\/network-analysis-and-visualization-book-cover.png\" \/>\n\t<meta property=\"og:image:width\" content=\"660\" \/>\n\t<meta property=\"og:image:height\" content=\"822\" \/>\n\t<meta property=\"og:image:type\" content=\"image\/png\" \/>\n<meta name=\"twitter:card\" content=\"summary_large_image\" \/>\n<script type=\"application\/ld+json\" class=\"yoast-schema-graph\">{\"@context\":\"https:\/\/schema.org\",\"@graph\":[{\"@type\":\"WebPage\",\"@id\":\"https:\/\/www.datanovia.com\/en\/fr\/produit\/network-analysis-and-visualization-in-r\/\",\"url\":\"https:\/\/www.datanovia.com\/en\/fr\/produit\/network-analysis-and-visualization-in-r\/\",\"name\":\"Network Analysis and Visualization in R - Datanovia\",\"isPartOf\":{\"@id\":\"https:\/\/www.datanovia.com\/en\/fr\/#website\"},\"primaryImageOfPage\":{\"@id\":\"https:\/\/www.datanovia.com\/en\/fr\/produit\/network-analysis-and-visualization-in-r\/#primaryimage\"},\"image\":{\"@id\":\"https:\/\/www.datanovia.com\/en\/fr\/produit\/network-analysis-and-visualization-in-r\/#primaryimage\"},\"thumbnailUrl\":\"https:\/\/www.datanovia.com\/en\/wp-content\/uploads\/2018\/09\/network-analysis-and-visualization-book-cover.png\",\"datePublished\":\"2018-09-22T10:56:48+00:00\",\"dateModified\":\"2023-12-31T07:29:59+00:00\",\"breadcrumb\":{\"@id\":\"https:\/\/www.datanovia.com\/en\/fr\/produit\/network-analysis-and-visualization-in-r\/#breadcrumb\"},\"inLanguage\":\"fr-FR\",\"potentialAction\":[{\"@type\":\"ReadAction\",\"target\":[\"https:\/\/www.datanovia.com\/en\/fr\/produit\/network-analysis-and-visualization-in-r\/\"]}]},{\"@type\":\"ImageObject\",\"inLanguage\":\"fr-FR\",\"@id\":\"https:\/\/www.datanovia.com\/en\/fr\/produit\/network-analysis-and-visualization-in-r\/#primaryimage\",\"url\":\"https:\/\/www.datanovia.com\/en\/wp-content\/uploads\/2018\/09\/network-analysis-and-visualization-book-cover.png\",\"contentUrl\":\"https:\/\/www.datanovia.com\/en\/wp-content\/uploads\/2018\/09\/network-analysis-and-visualization-book-cover.png\",\"width\":660,\"height\":822},{\"@type\":\"BreadcrumbList\",\"@id\":\"https:\/\/www.datanovia.com\/en\/fr\/produit\/network-analysis-and-visualization-in-r\/#breadcrumb\",\"itemListElement\":[{\"@type\":\"ListItem\",\"position\":1,\"name\":\"Home\",\"item\":\"https:\/\/www.datanovia.com\/en\/fr\/\"},{\"@type\":\"ListItem\",\"position\":2,\"name\":\"Boutique\",\"item\":\"https:\/\/www.datanovia.com\/en\/fr\/shop-2\/\"},{\"@type\":\"ListItem\",\"position\":3,\"name\":\"Network Analysis and Visualization in R\"}]},{\"@type\":\"WebSite\",\"@id\":\"https:\/\/www.datanovia.com\/en\/fr\/#website\",\"url\":\"https:\/\/www.datanovia.com\/en\/fr\/\",\"name\":\"Datanovia\",\"description\":\"Exploration de Donn\u00e9es et Statistiques pour l'Aide \u00e0 la D\u00e9cision\",\"publisher\":{\"@id\":\"https:\/\/www.datanovia.com\/en\/fr\/#organization\"},\"potentialAction\":[{\"@type\":\"SearchAction\",\"target\":{\"@type\":\"EntryPoint\",\"urlTemplate\":\"https:\/\/www.datanovia.com\/en\/fr\/?s={search_term_string}\"},\"query-input\":{\"@type\":\"PropertyValueSpecification\",\"valueRequired\":true,\"valueName\":\"search_term_string\"}}],\"inLanguage\":\"fr-FR\"},{\"@type\":\"Organization\",\"@id\":\"https:\/\/www.datanovia.com\/en\/fr\/#organization\",\"name\":\"Datanovia\",\"url\":\"https:\/\/www.datanovia.com\/en\/fr\/\",\"logo\":{\"@type\":\"ImageObject\",\"inLanguage\":\"fr-FR\",\"@id\":\"https:\/\/www.datanovia.com\/en\/fr\/#\/schema\/logo\/image\/\",\"url\":\"https:\/\/www.datanovia.com\/en\/wp-content\/uploads\/2018\/09\/datanovia-logo.png\",\"contentUrl\":\"https:\/\/www.datanovia.com\/en\/wp-content\/uploads\/2018\/09\/datanovia-logo.png\",\"width\":98,\"height\":99,\"caption\":\"Datanovia\"},\"image\":{\"@id\":\"https:\/\/www.datanovia.com\/en\/fr\/#\/schema\/logo\/image\/\"}}]}<\/script>\n<!-- \/ Yoast SEO plugin. -->","yoast_head_json":{"title":"Network Analysis and Visualization in R - Datanovia","robots":{"index":"index","follow":"follow","max-snippet":"max-snippet:-1","max-image-preview":"max-image-preview:large","max-video-preview":"max-video-preview:-1"},"canonical":"https:\/\/www.datanovia.com\/en\/fr\/produit\/network-analysis-and-visualization-in-r\/","og_locale":"fr_FR","og_type":"article","og_title":"Network Analysis and Visualization in R - Datanovia","og_description":"This book provides a quick start guide to network analysis and visualization in R. You'll learn, how to create static and interactive network graphs. Order a Physical Copy on Amazon:   Or, Buy and Download Now a PDF Copy by clicking on the \"ADD TO CART\" button down below. You will receive a link to download a PDF copy","og_url":"https:\/\/www.datanovia.com\/en\/fr\/produit\/network-analysis-and-visualization-in-r\/","og_site_name":"Datanovia","article_modified_time":"2023-12-31T07:29:59+00:00","og_image":[{"width":660,"height":822,"url":"https:\/\/www.datanovia.com\/en\/wp-content\/uploads\/2018\/09\/network-analysis-and-visualization-book-cover.png","type":"image\/png"}],"twitter_card":"summary_large_image","schema":{"@context":"https:\/\/schema.org","@graph":[{"@type":"WebPage","@id":"https:\/\/www.datanovia.com\/en\/fr\/produit\/network-analysis-and-visualization-in-r\/","url":"https:\/\/www.datanovia.com\/en\/fr\/produit\/network-analysis-and-visualization-in-r\/","name":"Network Analysis and Visualization in R - Datanovia","isPartOf":{"@id":"https:\/\/www.datanovia.com\/en\/fr\/#website"},"primaryImageOfPage":{"@id":"https:\/\/www.datanovia.com\/en\/fr\/produit\/network-analysis-and-visualization-in-r\/#primaryimage"},"image":{"@id":"https:\/\/www.datanovia.com\/en\/fr\/produit\/network-analysis-and-visualization-in-r\/#primaryimage"},"thumbnailUrl":"https:\/\/www.datanovia.com\/en\/wp-content\/uploads\/2018\/09\/network-analysis-and-visualization-book-cover.png","datePublished":"2018-09-22T10:56:48+00:00","dateModified":"2023-12-31T07:29:59+00:00","breadcrumb":{"@id":"https:\/\/www.datanovia.com\/en\/fr\/produit\/network-analysis-and-visualization-in-r\/#breadcrumb"},"inLanguage":"fr-FR","potentialAction":[{"@type":"ReadAction","target":["https:\/\/www.datanovia.com\/en\/fr\/produit\/network-analysis-and-visualization-in-r\/"]}]},{"@type":"ImageObject","inLanguage":"fr-FR","@id":"https:\/\/www.datanovia.com\/en\/fr\/produit\/network-analysis-and-visualization-in-r\/#primaryimage","url":"https:\/\/www.datanovia.com\/en\/wp-content\/uploads\/2018\/09\/network-analysis-and-visualization-book-cover.png","contentUrl":"https:\/\/www.datanovia.com\/en\/wp-content\/uploads\/2018\/09\/network-analysis-and-visualization-book-cover.png","width":660,"height":822},{"@type":"BreadcrumbList","@id":"https:\/\/www.datanovia.com\/en\/fr\/produit\/network-analysis-and-visualization-in-r\/#breadcrumb","itemListElement":[{"@type":"ListItem","position":1,"name":"Home","item":"https:\/\/www.datanovia.com\/en\/fr\/"},{"@type":"ListItem","position":2,"name":"Boutique","item":"https:\/\/www.datanovia.com\/en\/fr\/shop-2\/"},{"@type":"ListItem","position":3,"name":"Network Analysis and Visualization in R"}]},{"@type":"WebSite","@id":"https:\/\/www.datanovia.com\/en\/fr\/#website","url":"https:\/\/www.datanovia.com\/en\/fr\/","name":"Datanovia","description":"Exploration de Donn\u00e9es et Statistiques pour l'Aide \u00e0 la D\u00e9cision","publisher":{"@id":"https:\/\/www.datanovia.com\/en\/fr\/#organization"},"potentialAction":[{"@type":"SearchAction","target":{"@type":"EntryPoint","urlTemplate":"https:\/\/www.datanovia.com\/en\/fr\/?s={search_term_string}"},"query-input":{"@type":"PropertyValueSpecification","valueRequired":true,"valueName":"search_term_string"}}],"inLanguage":"fr-FR"},{"@type":"Organization","@id":"https:\/\/www.datanovia.com\/en\/fr\/#organization","name":"Datanovia","url":"https:\/\/www.datanovia.com\/en\/fr\/","logo":{"@type":"ImageObject","inLanguage":"fr-FR","@id":"https:\/\/www.datanovia.com\/en\/fr\/#\/schema\/logo\/image\/","url":"https:\/\/www.datanovia.com\/en\/wp-content\/uploads\/2018\/09\/datanovia-logo.png","contentUrl":"https:\/\/www.datanovia.com\/en\/wp-content\/uploads\/2018\/09\/datanovia-logo.png","width":98,"height":99,"caption":"Datanovia"},"image":{"@id":"https:\/\/www.datanovia.com\/en\/fr\/#\/schema\/logo\/image\/"}}]}},"multi-rating":{"mr_rating_results":[{"adjusted_star_result":0,"star_result":0,"total_max_option_value":5,"adjusted_score_result":0,"score_result":0,"percentage_result":0,"adjusted_percentage_result":0,"count":0,"post_id":7186}]},"_links":{"self":[{"href":"https:\/\/www.datanovia.com\/en\/fr\/wp-json\/wp\/v2\/product\/7186","targetHints":{"allow":["GET"]}}],"collection":[{"href":"https:\/\/www.datanovia.com\/en\/fr\/wp-json\/wp\/v2\/product"}],"about":[{"href":"https:\/\/www.datanovia.com\/en\/fr\/wp-json\/wp\/v2\/types\/product"}],"replies":[{"embeddable":true,"href":"https:\/\/www.datanovia.com\/en\/fr\/wp-json\/wp\/v2\/comments?post=7186"}],"wp:featuredmedia":[{"embeddable":true,"href":"https:\/\/www.datanovia.com\/en\/fr\/wp-json\/wp\/v2\/media\/7188"}],"wp:attachment":[{"href":"https:\/\/www.datanovia.com\/en\/fr\/wp-json\/wp\/v2\/media?parent=7186"}],"wp:term":[{"taxonomy":"product_brand","embeddable":true,"href":"https:\/\/www.datanovia.com\/en\/fr\/wp-json\/wp\/v2\/product_brand?post=7186"},{"taxonomy":"product_cat","embeddable":true,"href":"https:\/\/www.datanovia.com\/en\/fr\/wp-json\/wp\/v2\/product_cat?post=7186"},{"taxonomy":"product_tag","embeddable":true,"href":"https:\/\/www.datanovia.com\/en\/fr\/wp-json\/wp\/v2\/product_tag?post=7186"}],"curies":[{"name":"wp","href":"https:\/\/api.w.org\/{rel}","templated":true}]}}